{"id":2171,"date":"2019-08-01T17:29:37","date_gmt":"2019-08-01T20:29:37","guid":{"rendered":"https:\/\/begenerous.com.br\/el-poder-de-la-nutricion\/"},"modified":"2023-09-06T10:17:38","modified_gmt":"2023-09-06T13:17:38","slug":"el-poder-de-la-nutricion","status":"publish","type":"page","link":"https:\/\/begenerous.com.br\/es\/el-poder-de-la-nutricion\/","title":{"rendered":"El poder de la nutrici\u00f3n"},"content":{"rendered":"<div class=\"wpb-content-wrapper\"><p>[vc_section full_width=\u00bbstretch_row_content\u00bb el_id=\u00bbblocoVideo\u00bb el_class=\u00bbblocoVideo\u00bb][vc_row full_width=\u00bbstretch_row_content_no_spaces\u00bb el_class=\u00bbblocoFinal\u00bb][vc_column][vc_column_text]<\/p>\n<p class=\"tituloCerebroGordura\" style=\"text-align: center;\">EL CEREBRO HUMANO ESTA CUMPUESTO POR CASI<\/p>\n<p style=\"text-align: center;\"><span class=\"subtituloCerebroGordura\">60% DE GRASA<\/span><\/p>\n<p>[\/vc_column_text][vc_column_text]<\/p>\n<p class=\"textoCerebroGordura\">La grasa es importante para la formaci\u00f3n de la membrana externa de las c\u00e9lulas cerebrales, adem\u00e1s, permite un intercambio r\u00e1pido y m\u00e1s eficaz de \u201cmensajes\u201d entre las c\u00e9lulas nerviosas. En el momento de mayor desarrollo de la masa estructural del cerebro del beb\u00e9 -es decir, durante el 2\u00ba trimestre y, principalmente, en el 3\u00ba trimestre del embarazo, prolong\u00e1ndose hasta la lactancia-, la ingesta de una cantidad \u00f3ptima de omega-3 por parte de la madre puede repercutir positivamente en la vida su hijo\/a.<\/p>\n<p>[\/vc_column_text][\/vc_column][\/vc_row][vc_row full_width=\u00bbstretch_row_content_no_spaces\u00bb][vc_column][vc_raw_html]JTNDdmlkZW8lMjBjbGFzcyUzRCUyMnZpZGVvQ2Fwc3VsYXMlMjIlMjBhdXRvcGxheSUyMG11dGVkJTIwcGxheXNpbmxpbmUlMjBsb29wJTNFJTBBJTIwJTIwJTIwJTIwJTNDc291cmNlJTIwc3JjJTNEJTIyaHR0cHMlM0ElMkYlMkZob21vbG9nYWNhby5iZWdlbmVyb3VzLmNvbS5iciUyRndwLWNvbnRlbnQlMkZ1cGxvYWRzJTJGMjAyMCUyRjAyJTJGY2Fwc3VsYXNCZUdlbmVyb3VzLm00diUyMiUyMHR5cGUlM0QlMjJ2aWRlbyUyRm1wNCUyMiUzRSUwQSUyMCUyMCUzQyUyRnZpZGVvJTNFJTBBJTIwJTIwJTNDZGl2JTIwY2xhc3MlM0QlMjJ0ZXh0byUyMiUzRSUwQSUyMCUyMCUyMCUyMCUyMCUyMCUyMCUzQ3AlMjBjbGFzcyUzRCUyMnRpdHVsb0JlbmVmaWNpb3NDb21wcm92YWRvcyUyMiUzRUJlbmVmaWNpb3MlMjBjb21wcm9iYWRvcyUyMGRlJTIwdG9tYXIlMjBPbWVnYS0zJTIwZW4lMjBlbCUyMGVtYmFyYXpvJTNDJTJGcCUzRSUwQSUyMCUyMCUzQyUyRmRpdiUzRQ==[\/vc_raw_html][\/vc_column][\/vc_row][\/vc_section][vc_section full_width=\u00bbstretch_row_content\u00bb el_id=\u00bbblocoFinalNutri\u00bb][vc_row el_class=\u00bbdesktop\u00bb][vc_column][vc_single_image image=\u00bb492&#8243; img_size=\u00bb80&#215;80&#8243; alignment=\u00bbcenter\u00bb][vc_column_text]<\/p>\n<p class=\"textoBlocoBeneficiosComprovados01\" style=\"text-align: center;\">Los hijos de madres que se suplementan con omega-3, muestran un mejor procesamiento mental, aprendizaje, memoria, desarrollo psicomotor, y coordinaci\u00f3n visual-manual, as\u00ed como una prevenci\u00f3n del d\u00e9ficit de atenci\u00f3n.<\/p>\n<p>[\/vc_column_text][vc_single_image image=\u00bb493&#8243; img_size=\u00bb80&#215;80&#8243; alignment=\u00bbcenter\u00bb el_class=\u00bbimgIconeNutricao02&#8243;][vc_column_text]<\/p>\n<p class=\"textoBlocoBeneficiosComprovados02\" style=\"text-align: center;\">Un efecto positivo en la visi\u00f3n del ni\u00f1o. El DHA es una de las principales grasas estructurales en la retina del ojo, siendo responsable por hasta el 60% del total de los \u00e1cidos grasos poliinsaturados (PUFA).<\/p>\n<p>[\/vc_column_text][vc_single_image image=\u00bb494&#8243; img_size=\u00bb80&#215;80&#8243; alignment=\u00bbcenter\u00bb el_class=\u00bbimgIconeNutricao03&#8243;][vc_column_text]<\/p>\n<p class=\"textoBlocoBeneficiosComprovados03\" style=\"text-align: center;\">Niveles adecuados de DHA en la dieta son cruciales para crear resistencia neuronal a largo plazo, tambi\u00e9n para un rendimiento cerebral \u00f3ptimo y como ayuda en la defensa contra enfermedades neurol\u00f3gicas.<\/p>\n<p>[\/vc_column_text][vc_single_image image=\u00bb495&#8243; img_size=\u00bb80&#215;80&#8243; alignment=\u00bbcenter\u00bb el_class=\u00bbimgIconeNutricao04&#8243;][vc_column_text]<\/p>\n<p class=\"textoBlocoBeneficiosComprovados04\" style=\"text-align: center;\">Mejor salud gestacional y en el parto. Mejor crecimiento y desarrollo de los beb\u00e9s.<\/p>\n<p>[\/vc_column_text][vc_single_image image=\u00bb496&#8243; img_size=\u00bb80&#215;80&#8243; alignment=\u00bbcenter\u00bb el_class=\u00bbimgIconeNutricao05&#8243;][vc_column_text]<\/p>\n<p class=\"textoBlocoBeneficiosComprovados04\" style=\"text-align: center;\">Mayor adaptaci\u00f3n al estr\u00e9s durante el embarazo, y prevenci\u00f3n de la depresi\u00f3n perinatal.<\/p>\n<p>[\/vc_column_text][\/vc_column][\/vc_row][vc_row el_class=\u00bbmobile\u00bb css=\u00bb.vc_custom_1600817347509{padding-top: 0px !important;}\u00bb][vc_column][vc_single_image image=\u00bb492&#8243; img_size=\u00bb50&#215;50&#8243; alignment=\u00bbcenter\u00bb][vc_column_text]<\/p>\n<p class=\"textoBlocoBeneficiosComprovados01\" style=\"text-align: center;\">Los hijos de madres que se suplementan con omega-3, muestran un mejor procesamiento mental, aprendizaje, memoria, desarrollo psicomotor, y coordinaci\u00f3n visual-manual, as\u00ed como una prevenci\u00f3n del d\u00e9ficit de atenci\u00f3n.<\/p>\n<p>[\/vc_column_text][vc_single_image image=\u00bb493&#8243; img_size=\u00bb50&#215;50&#8243; alignment=\u00bbcenter\u00bb el_class=\u00bbimgIconeNutricao02&#8243;][vc_column_text]<\/p>\n<p class=\"textoBlocoBeneficiosComprovados02\" style=\"text-align: center;\">Un efecto positivo en la visi\u00f3n del ni\u00f1o. El DHA es una de las principales grasas estructurales en la retina del ojo, siendo responsable por hasta el 60% del total de los \u00e1cidos grasos poliinsaturados (PUFA).<\/p>\n<p>[\/vc_column_text][vc_single_image image=\u00bb494&#8243; img_size=\u00bb50&#215;50&#8243; alignment=\u00bbcenter\u00bb el_class=\u00bbimgIconeNutricao03&#8243;][vc_column_text]<\/p>\n<p class=\"textoBlocoBeneficiosComprovados03\" style=\"text-align: center;\">Niveles adecuados de DHA en la dieta son cruciales para crear resistencia neuronal a largo plazo, tambi\u00e9n para un rendimiento cerebral \u00f3ptimo y como ayuda en la defensa contra enfermedades neurol\u00f3gicas.<\/p>\n<p>[\/vc_column_text][vc_single_image image=\u00bb495&#8243; img_size=\u00bb50&#215;50&#8243; alignment=\u00bbcenter\u00bb el_class=\u00bbimgIconeNutricao04&#8243;][vc_column_text]<\/p>\n<p class=\"textoBlocoBeneficiosComprovados04\" style=\"text-align: center;\">Mejor salud gestacional y en el parto. Mejor crecimiento y desarrollo de los beb\u00e9s.<\/p>\n<p>[\/vc_column_text][vc_single_image image=\u00bb496&#8243; img_size=\u00bb50&#215;50&#8243; alignment=\u00bbcenter\u00bb el_class=\u00bbimgIconeNutricao05&#8243;][vc_column_text]<\/p>\n<p class=\"textoBlocoBeneficiosComprovados04\" style=\"text-align: center;\">Mayor adaptaci\u00f3n al estr\u00e9s durante el embarazo, y prevenci\u00f3n de la depresi\u00f3n perinatal.<\/p>\n<p>[\/vc_column_text][\/vc_column][\/vc_row][vc_row el_class=\u00bbdesktop\u00bb][vc_column][vc_single_image image=\u00bb587&#8243; img_size=\u00bbfull\u00bb alignment=\u00bbcenter\u00bb css=\u00bb.vc_custom_1601855604655{padding-top: 50px !important;padding-bottom: 50px !important;}\u00bb][\/vc_column][\/vc_row][vc_row full_width=\u00bbstretch_row_content_no_spaces\u00bb css=\u00bb.vc_custom_1601856427777{margin-bottom: -35px !important;}\u00bb][vc_column][vc_single_image image=\u00bb447&#8243; img_size=\u00bbfull\u00bb alignment=\u00bbcenter\u00bb el_class=\u00bbmobile\u00bb][\/vc_column][\/vc_row][vc_row full_width=\u00bbstretch_row_content_no_spaces\u00bb content_placement=\u00bbmiddle\u00bb el_class=\u00bbblocoSuplementacaoDHA\u00bb][vc_column width=\u00bb1\/2&#8243;][vc_column_text css=\u00bb.vc_custom_1693923466310{margin-bottom: 0px !important;}\u00bb]<\/p>\n<div class=\"blocofinal\">\n<h3>Suplementaci\u00f3n de DHA<\/h3>\n<h2>en la prevenci\u00f3n de la depresi\u00f3n posparto<\/h2>\n<p>La grasa DHA es uno de los componentes del omega-3. Es una grasa esencial y un componente clave de la membrana de las c\u00e9lulas cerebrales; es transferida de la madre al feto en altas cantidades. Esta transferencia es crucial para la \u00f3ptima salud cerebral, ocular, inmunol\u00f3gica y para el desarrollo del sistema nervioso del beb\u00e9. Sin embargo, por ser un nutriente de alta demanda por el feto, la madre puede presentar carencia, lo que puede traer consecuencias como depresi\u00f3n posparto y otros problemas asociados a su deficiencia. Una suplementaci\u00f3n con DHA durante el embarazo adem\u00e1s de proteger, trae muchos beneficios para la madre y el beb\u00e9.<\/p>\n<\/div>\n<p>[\/vc_column_text][\/vc_column][vc_column width=\u00bb1\/2&#8243; css=\u00bb.vc_custom_1564792881299{margin-bottom: 0px !important;}\u00bb el_class=\u00bbdesktop\u00bb][vc_single_image image=\u00bb447&#8243; img_size=\u00bbfull\u00bb css_animation=\u00bbfadeInRight\u00bb css=\u00bb.vc_custom_1623440677667{margin-bottom: 0px !important;}\u00bb el_class=\u00bbdesktop\u00bb][\/vc_column][\/vc_row][\/vc_section][vc_row][vc_column][vc_raw_js]JTNDc2NyaXB0JTNFJTBBalF1ZXJ5JTI4JTIyJTIzQ29udGVudCUyMCUzRSUyMGRpdiUyMCUzRSUyMGRpdiUyMCUzRSUyMGRpdiUyMCUzRSUyMGRpdi5zZWN0aW9uLnRoZV9jb250ZW50Lmhhc19jb250ZW50JTIwJTNFJTIwZGl2JTIyJTI5LmNzcyUyOCUyMm1heC13aWR0aCUyMiUyQyUyMCUyMjEwMCUyNSUyMiUyOSUzQiUwQWpRdWVyeSUyOCUyMiUyM0NvbnRlbnQlMjAlM0UlMjBkaXYlMjAlM0UlMjBkaXYlMjAlM0UlMjBkaXYlMjAlM0UlMjBkaXYuc2VjdGlvbi50aGVfY29udGVudC5oYXNfY29udGVudCUyMCUzRSUyMGRpdiUyMCUzRSUyMGRpdiUyMiUyOS5jc3MlMjglMjJtYXgtd2lkdGglMjIlMkMlMjAlMjIxMDAlMjUlMjIlMjklM0IlMEElM0MlMkZzY3JpcHQlM0U=[\/vc_raw_js][\/vc_column][\/vc_row]<\/p>\n<\/div>","protected":false},"excerpt":{"rendered":"<p><span class=\"excerpt-hellip\"> [\u2026]<\/span><\/p>\n","protected":false},"author":1,"featured_media":0,"parent":0,"menu_order":0,"comment_status":"closed","ping_status":"closed","template":"","meta":{"footnotes":""},"class_list":["post-2171","page","type-page","status-publish","hentry"],"_links":{"self":[{"href":"https:\/\/begenerous.com.br\/es\/wp-json\/wp\/v2\/pages\/2171","targetHints":{"allow":["GET"]}}],"collection":[{"href":"https:\/\/begenerous.com.br\/es\/wp-json\/wp\/v2\/pages"}],"about":[{"href":"https:\/\/begenerous.com.br\/es\/wp-json\/wp\/v2\/types\/page"}],"author":[{"embeddable":true,"href":"https:\/\/begenerous.com.br\/es\/wp-json\/wp\/v2\/users\/1"}],"replies":[{"embeddable":true,"href":"https:\/\/begenerous.com.br\/es\/wp-json\/wp\/v2\/comments?post=2171"}],"version-history":[{"count":7,"href":"https:\/\/begenerous.com.br\/es\/wp-json\/wp\/v2\/pages\/2171\/revisions"}],"predecessor-version":[{"id":2210,"href":"https:\/\/begenerous.com.br\/es\/wp-json\/wp\/v2\/pages\/2171\/revisions\/2210"}],"wp:attachment":[{"href":"https:\/\/begenerous.com.br\/es\/wp-json\/wp\/v2\/media?parent=2171"}],"curies":[{"name":"wp","href":"https:\/\/api.w.org\/{rel}","templated":true}]}}